{"id":2852,"date":"2024-04-15T01:08:08","date_gmt":"2024-04-14T23:08:08","guid":{"rendered":"https:\/\/one-touch-web.com\/dev\/kutakzapromene\/?page_id=2852"},"modified":"2024-04-22T20:14:51","modified_gmt":"2024-04-22T18:14:51","slug":"analiza-tela","status":"publish","type":"page","link":"https:\/\/one-touch-web.com\/dev\/kutakzapromene\/analiza-tela\/","title":{"rendered":"Analiza tela"},"content":{"rendered":"\n<h3 class=\"wp-block-heading\">Sasnajte kompoziciju va\u0161eg tela na brz i jednostavan na\u010din.<\/h3>\n\n\n\n<p class=\"lead\">Dovoljno je da popuniti formu, i jedan od na\u0161ih savetnika za ishranu \u0107e vam odgovoriti sa jasnim smernicama u ishrani, bez obzira da li je potrebno da smanjite, pove\u0107ate ili odr\u017eite \u017eeljenu telesnu masu.<\/p>\n\n\n\n<div style=\"height:100px\" aria-hidden=\"true\" class=\"wp-block-spacer\"><\/div>\n\n\n\n<div class=\"wp-block-contact-form-7-contact-form-selector\">\n<div class=\"wpcf7 no-js\" id=\"wpcf7-f2858-o1\" lang=\"en-US\" dir=\"ltr\">\n<div class=\"screen-reader-response\"><p role=\"status\" aria-live=\"polite\" aria-atomic=\"true\"><\/p> <ul><\/ul><\/div>\n<form action=\"\/dev\/kutakzapromene\/wp-json\/wp\/v2\/pages\/2852#wpcf7-f2858-o1\" method=\"post\" class=\"wpcf7-form init\" aria-label=\"Contact form\" novalidate=\"novalidate\" data-status=\"init\">\n<div style=\"display: none;\">\n<input type=\"hidden\" name=\"_wpcf7\" value=\"2858\" \/>\n<input type=\"hidden\" name=\"_wpcf7_version\" value=\"5.9.4\" \/>\n<input type=\"hidden\" name=\"_wpcf7_locale\" value=\"en_US\" \/>\n<input type=\"hidden\" name=\"_wpcf7_unit_tag\" value=\"wpcf7-f2858-o1\" \/>\n<input type=\"hidden\" name=\"_wpcf7_container_post\" value=\"0\" \/>\n<input type=\"hidden\" name=\"_wpcf7_posted_data_hash\" value=\"\" \/>\n<\/div>\n<div class=\"row\">\n\t<div class=\"col-md-4\">\n\t\t<p><label> Va\u0161e ime <span class=\"wpcf7-form-control-wrap\" data-name=\"your-name\"><input size=\"40\" class=\"wpcf7-form-control wpcf7-text wpcf7-validates-as-required\" autocomplete=\"ime\" aria-required=\"true\" aria-invalid=\"false\" value=\"\" type=\"text\" name=\"your-name\" \/><\/span> <\/label>\n\t\t<\/p>\n\t<\/div>\n\t<div class=\"col-md-4\">\n\t\t<p><label> Va\u0161 email <span class=\"wpcf7-form-control-wrap\" data-name=\"your-email\"><input size=\"40\" class=\"wpcf7-form-control wpcf7-email wpcf7-validates-as-required wpcf7-text wpcf7-validates-as-email\" autocomplete=\"email\" aria-required=\"true\" aria-invalid=\"false\" value=\"\" type=\"email\" name=\"your-email\" \/><\/span> <\/label>\n\t\t<\/p>\n\t<\/div>\n\t<div class=\"col-md-4\">\n\t\t<p><label> Pol (M\/\u017d) <span class=\"wpcf7-form-control-wrap\" data-name=\"your-gender\"><input size=\"40\" class=\"wpcf7-form-control wpcf7-text wpcf7-validates-as-required\" aria-required=\"true\" aria-invalid=\"false\" value=\"\" type=\"text\" name=\"your-gender\" \/><\/span> <\/label>\n\t\t<\/p>\n\n<!--<label> Pol <span class=\"wpcf7-form-control-wrap\" data-name=\"Pol\"><select class=\"wpcf7-form-control wpcf7-select\" aria-invalid=\"false\" name=\"Pol\"><option value=\"Mu\u0161karac\">Mu\u0161karac<\/option><option value=\"\u017dena\">\u017dena<\/option><\/select><\/span> <\/label>-->\n\t<\/div>\n<\/div>\n<div class=\"row\">\n\t<div class=\"col-md-4\">\n\t\t<p><label> Te\u017eina(kg) <span class=\"wpcf7-form-control-wrap\" data-name=\"tezina\"><input class=\"wpcf7-form-control wpcf7-number wpcf7-validates-as-number\" aria-invalid=\"false\" value=\"\" type=\"number\" name=\"tezina\" \/><\/span> <\/label>\n\t\t<\/p>\n\t<\/div>\n\t<div class=\"col-md-4\">\n\t\t<p><label>Starost <span class=\"wpcf7-form-control-wrap\" data-name=\"starost\"><input class=\"wpcf7-form-control wpcf7-number wpcf7-validates-as-required wpcf7-validates-as-number\" aria-required=\"true\" aria-invalid=\"false\" value=\"\" type=\"number\" name=\"starost\" \/><\/span> <\/label>\n\t\t<\/p>\n\t<\/div>\n\t<div class=\"col-md-4\">\n\t\t<p><label>Visina(cm) <span class=\"wpcf7-form-control-wrap\" data-name=\"visina\"><input class=\"wpcf7-form-control wpcf7-number wpcf7-validates-as-required wpcf7-validates-as-number\" aria-required=\"true\" aria-invalid=\"false\" value=\"\" type=\"number\" name=\"visina\" \/><\/span> <\/label>\n\t\t<\/p>\n\t<\/div>\n<\/div>\n<div class=\"row\">\n\t<div class=\"col-md-4\">\n\t\t<p><label>Obim grudi(cm) <span class=\"wpcf7-form-control-wrap\" data-name=\"obim-grudi\"><input class=\"wpcf7-form-control wpcf7-number wpcf7-validates-as-required wpcf7-validates-as-number\" aria-required=\"true\" aria-invalid=\"false\" value=\"\" type=\"number\" name=\"obim-grudi\" \/><\/span> <\/label>\n\t\t<\/p>\n\t<\/div>\n\t<div class=\"col-md-4\">\n\t\t<p><label>Obim bokova(cm) <span class=\"wpcf7-form-control-wrap\" data-name=\"obim-bokova\"><input class=\"wpcf7-form-control wpcf7-number wpcf7-validates-as-required wpcf7-validates-as-number\" aria-required=\"true\" aria-invalid=\"false\" value=\"\" type=\"number\" name=\"obim-bokova\" \/><\/span> <\/label>\n\t\t<\/p>\n\t<\/div>\n\t<div class=\"col-md-4\">\n\t\t<p><label>Obim struka(cm) <span class=\"wpcf7-form-control-wrap\" data-name=\"obim-struka\"><input class=\"wpcf7-form-control wpcf7-number wpcf7-validates-as-required wpcf7-validates-as-number\" aria-required=\"true\" aria-invalid=\"false\" value=\"\" type=\"number\" name=\"obim-struka\" \/><\/span> <\/label>\n\t\t<\/p>\n\t<\/div>\n<\/div>\n<div class=\"row\">\n\t<div class=\"col-md-12\">\n\t\t<p><label> Poruka (opciono) <span class=\"wpcf7-form-control-wrap\" data-name=\"your-message\"><textarea cols=\"40\" rows=\"10\" class=\"wpcf7-form-control wpcf7-textarea\" aria-invalid=\"false\" name=\"your-message\"><\/textarea><\/span> <\/label>\n\t\t<\/p>\n\t<\/div>\n\t<div class=\"col-md-6\">\n\t\t<p><input class=\"wpcf7-form-control wpcf7-submit has-spinner\" type=\"submit\" value=\"Po\u0161alji\" \/>\n\t\t<\/p>\n\t<\/div>\n<\/div><div class=\"wpcf7-response-output\" aria-hidden=\"true\"><\/div>\n<\/form>\n<\/div>\n<\/div>\n","protected":false},"excerpt":{"rendered":"<p>Sasnajte kompoziciju va\u0161eg tela na brz i jednostavan na\u010din. Dovoljno je da popuniti formu, i jedan od na\u0161ih savetnika za ishranu \u0107e vam odgovoriti sa jasnim smernicama u ishrani, bez obzira da li je potrebno da smanjite, pove\u0107ate ili odr\u017eite \u017eeljenu telesnu masu.<\/p>\n","protected":false},"author":1,"featured_media":0,"parent":0,"menu_order":0,"comment_status":"closed","ping_status":"closed","template":"","meta":{"footnotes":""},"categories":[],"tags":[],"class_list":["post-2852","page","type-page","status-publish","hentry"],"yoast_head":"<!-- This site is optimized with the Yoast SEO plugin v22.7 - https:\/\/yoast.com\/wordpress\/plugins\/seo\/ -->\n<title>Analiza tela - Kako smr\u0161ati - Kutak za promene<\/title>\n<meta name=\"robots\" content=\"index, follow, max-snippet:-1, max-image-preview:large, max-video-preview:-1\" \/>\n<link rel=\"canonical\" href=\"https:\/\/one-touch-web.com\/dev\/kutakzapromene\/analiza-tela\/\" \/>\n<meta property=\"og:locale\" content=\"en_US\" \/>\n<meta property=\"og:type\" content=\"article\" \/>\n<meta property=\"og:title\" content=\"Analiza tela - Kako smr\u0161ati - Kutak za promene\" \/>\n<meta property=\"og:description\" content=\"Sasnajte kompoziciju va\u0161eg tela na brz i jednostavan na\u010din. Dovoljno je da popuniti formu, i jedan od na\u0161ih savetnika za ishranu \u0107e vam odgovoriti sa jasnim smernicama u ishrani, bez obzira da li je potrebno da smanjite, pove\u0107ate ili odr\u017eite \u017eeljenu telesnu masu.\" \/>\n<meta property=\"og:url\" content=\"https:\/\/one-touch-web.com\/dev\/kutakzapromene\/analiza-tela\/\" \/>\n<meta property=\"og:site_name\" content=\"Kako smr\u0161ati - Kutak za promene\" \/>\n<meta property=\"article:modified_time\" content=\"2024-04-22T18:14:51+00:00\" \/>\n<meta name=\"twitter:card\" content=\"summary_large_image\" \/>\n<meta name=\"twitter:label1\" content=\"Est. reading time\" \/>\n\t<meta name=\"twitter:data1\" content=\"1 minute\" \/>\n<script type=\"application\/ld+json\" class=\"yoast-schema-graph\">{\"@context\":\"https:\/\/schema.org\",\"@graph\":[{\"@type\":\"WebPage\",\"@id\":\"https:\/\/one-touch-web.com\/dev\/kutakzapromene\/analiza-tela\/\",\"url\":\"https:\/\/one-touch-web.com\/dev\/kutakzapromene\/analiza-tela\/\",\"name\":\"Analiza tela - Kako smr\u0161ati - Kutak za promene\",\"isPartOf\":{\"@id\":\"https:\/\/one-touch-web.com\/dev\/kutakzapromene\/#website\"},\"datePublished\":\"2024-04-14T23:08:08+00:00\",\"dateModified\":\"2024-04-22T18:14:51+00:00\",\"breadcrumb\":{\"@id\":\"https:\/\/one-touch-web.com\/dev\/kutakzapromene\/analiza-tela\/#breadcrumb\"},\"inLanguage\":\"en-US\",\"potentialAction\":[{\"@type\":\"ReadAction\",\"target\":[\"https:\/\/one-touch-web.com\/dev\/kutakzapromene\/analiza-tela\/\"]}]},{\"@type\":\"BreadcrumbList\",\"@id\":\"https:\/\/one-touch-web.com\/dev\/kutakzapromene\/analiza-tela\/#breadcrumb\",\"itemListElement\":[{\"@type\":\"ListItem\",\"position\":1,\"name\":\"Home\",\"item\":\"https:\/\/one-touch-web.com\/dev\/kutakzapromene\/\"},{\"@type\":\"ListItem\",\"position\":2,\"name\":\"Analiza tela\"}]},{\"@type\":\"WebSite\",\"@id\":\"https:\/\/one-touch-web.com\/dev\/kutakzapromene\/#website\",\"url\":\"https:\/\/one-touch-web.com\/dev\/kutakzapromene\/\",\"name\":\"Kako smr\u0161ati - Kutak za promene\",\"description\":\"Proveren put ka \u017eeljenoj te\u017eini bez odricanja\",\"publisher\":{\"@id\":\"https:\/\/one-touch-web.com\/dev\/kutakzapromene\/#organization\"},\"potentialAction\":[{\"@type\":\"SearchAction\",\"target\":{\"@type\":\"EntryPoint\",\"urlTemplate\":\"https:\/\/one-touch-web.com\/dev\/kutakzapromene\/?s={search_term_string}\"},\"query-input\":\"required name=search_term_string\"}],\"inLanguage\":\"en-US\"},{\"@type\":\"Organization\",\"@id\":\"https:\/\/one-touch-web.com\/dev\/kutakzapromene\/#organization\",\"name\":\"Kako smr\u0161ati - Kutak za promene\",\"url\":\"https:\/\/one-touch-web.com\/dev\/kutakzapromene\/\",\"logo\":{\"@type\":\"ImageObject\",\"inLanguage\":\"en-US\",\"@id\":\"https:\/\/one-touch-web.com\/dev\/kutakzapromene\/#\/schema\/logo\/image\/\",\"url\":\"https:\/\/one-touch-web.com\/dev\/kutakzapromene\/wp-content\/uploads\/2024\/02\/cropped-Logo.jpg\",\"contentUrl\":\"https:\/\/one-touch-web.com\/dev\/kutakzapromene\/wp-content\/uploads\/2024\/02\/cropped-Logo.jpg\",\"width\":900,\"height\":200,\"caption\":\"Kako smr\u0161ati - Kutak za promene\"},\"image\":{\"@id\":\"https:\/\/one-touch-web.com\/dev\/kutakzapromene\/#\/schema\/logo\/image\/\"}}]}<\/script>\n<!-- \/ Yoast SEO plugin. -->","yoast_head_json":{"title":"Analiza tela - Kako smr\u0161ati - Kutak za promene","robots":{"index":"index","follow":"follow","max-snippet":"max-snippet:-1","max-image-preview":"max-image-preview:large","max-video-preview":"max-video-preview:-1"},"canonical":"https:\/\/one-touch-web.com\/dev\/kutakzapromene\/analiza-tela\/","og_locale":"en_US","og_type":"article","og_title":"Analiza tela - Kako smr\u0161ati - Kutak za promene","og_description":"Sasnajte kompoziciju va\u0161eg tela na brz i jednostavan na\u010din. Dovoljno je da popuniti formu, i jedan od na\u0161ih savetnika za ishranu \u0107e vam odgovoriti sa jasnim smernicama u ishrani, bez obzira da li je potrebno da smanjite, pove\u0107ate ili odr\u017eite \u017eeljenu telesnu masu.","og_url":"https:\/\/one-touch-web.com\/dev\/kutakzapromene\/analiza-tela\/","og_site_name":"Kako smr\u0161ati - Kutak za promene","article_modified_time":"2024-04-22T18:14:51+00:00","twitter_card":"summary_large_image","twitter_misc":{"Est. reading time":"1 minute"},"schema":{"@context":"https:\/\/schema.org","@graph":[{"@type":"WebPage","@id":"https:\/\/one-touch-web.com\/dev\/kutakzapromene\/analiza-tela\/","url":"https:\/\/one-touch-web.com\/dev\/kutakzapromene\/analiza-tela\/","name":"Analiza tela - Kako smr\u0161ati - Kutak za promene","isPartOf":{"@id":"https:\/\/one-touch-web.com\/dev\/kutakzapromene\/#website"},"datePublished":"2024-04-14T23:08:08+00:00","dateModified":"2024-04-22T18:14:51+00:00","breadcrumb":{"@id":"https:\/\/one-touch-web.com\/dev\/kutakzapromene\/analiza-tela\/#breadcrumb"},"inLanguage":"en-US","potentialAction":[{"@type":"ReadAction","target":["https:\/\/one-touch-web.com\/dev\/kutakzapromene\/analiza-tela\/"]}]},{"@type":"BreadcrumbList","@id":"https:\/\/one-touch-web.com\/dev\/kutakzapromene\/analiza-tela\/#breadcrumb","itemListElement":[{"@type":"ListItem","position":1,"name":"Home","item":"https:\/\/one-touch-web.com\/dev\/kutakzapromene\/"},{"@type":"ListItem","position":2,"name":"Analiza tela"}]},{"@type":"WebSite","@id":"https:\/\/one-touch-web.com\/dev\/kutakzapromene\/#website","url":"https:\/\/one-touch-web.com\/dev\/kutakzapromene\/","name":"Kako smr\u0161ati - Kutak za promene","description":"Proveren put ka \u017eeljenoj te\u017eini bez odricanja","publisher":{"@id":"https:\/\/one-touch-web.com\/dev\/kutakzapromene\/#organization"},"potentialAction":[{"@type":"SearchAction","target":{"@type":"EntryPoint","urlTemplate":"https:\/\/one-touch-web.com\/dev\/kutakzapromene\/?s={search_term_string}"},"query-input":"required name=search_term_string"}],"inLanguage":"en-US"},{"@type":"Organization","@id":"https:\/\/one-touch-web.com\/dev\/kutakzapromene\/#organization","name":"Kako smr\u0161ati - Kutak za promene","url":"https:\/\/one-touch-web.com\/dev\/kutakzapromene\/","logo":{"@type":"ImageObject","inLanguage":"en-US","@id":"https:\/\/one-touch-web.com\/dev\/kutakzapromene\/#\/schema\/logo\/image\/","url":"https:\/\/one-touch-web.com\/dev\/kutakzapromene\/wp-content\/uploads\/2024\/02\/cropped-Logo.jpg","contentUrl":"https:\/\/one-touch-web.com\/dev\/kutakzapromene\/wp-content\/uploads\/2024\/02\/cropped-Logo.jpg","width":900,"height":200,"caption":"Kako smr\u0161ati - Kutak za promene"},"image":{"@id":"https:\/\/one-touch-web.com\/dev\/kutakzapromene\/#\/schema\/logo\/image\/"}}]}},"jetpack_sharing_enabled":true,"_links":{"self":[{"href":"https:\/\/one-touch-web.com\/dev\/kutakzapromene\/wp-json\/wp\/v2\/pages\/2852","targetHints":{"allow":["GET"]}}],"collection":[{"href":"https:\/\/one-touch-web.com\/dev\/kutakzapromene\/wp-json\/wp\/v2\/pages"}],"about":[{"href":"https:\/\/one-touch-web.com\/dev\/kutakzapromene\/wp-json\/wp\/v2\/types\/page"}],"author":[{"embeddable":true,"href":"https:\/\/one-touch-web.com\/dev\/kutakzapromene\/wp-json\/wp\/v2\/users\/1"}],"replies":[{"embeddable":true,"href":"https:\/\/one-touch-web.com\/dev\/kutakzapromene\/wp-json\/wp\/v2\/comments?post=2852"}],"version-history":[{"count":5,"href":"https:\/\/one-touch-web.com\/dev\/kutakzapromene\/wp-json\/wp\/v2\/pages\/2852\/revisions"}],"predecessor-version":[{"id":2870,"href":"https:\/\/one-touch-web.com\/dev\/kutakzapromene\/wp-json\/wp\/v2\/pages\/2852\/revisions\/2870"}],"wp:attachment":[{"href":"https:\/\/one-touch-web.com\/dev\/kutakzapromene\/wp-json\/wp\/v2\/media?parent=2852"}],"wp:term":[{"taxonomy":"category","embeddable":true,"href":"https:\/\/one-touch-web.com\/dev\/kutakzapromene\/wp-json\/wp\/v2\/categories?post=2852"},{"taxonomy":"post_tag","embeddable":true,"href":"https:\/\/one-touch-web.com\/dev\/kutakzapromene\/wp-json\/wp\/v2\/tags?post=2852"}],"curies":[{"name":"wp","href":"https:\/\/api.w.org\/{rel}","templated":true}]}}