{"id":2548,"date":"2024-03-11T10:17:12","date_gmt":"2024-03-11T09:17:12","guid":{"rendered":"https:\/\/one-touch-web.com\/dev\/kutakzapromene\/?page_id=2548"},"modified":"2024-04-22T21:48:08","modified_gmt":"2024-04-22T19:48:08","slug":"plan-ishrane","status":"publish","type":"page","link":"https:\/\/one-touch-web.com\/dev\/kutakzapromene\/plan-ishrane\/","title":{"rendered":"Plan ishrane"},"content":{"rendered":"\n<h2 class=\"wp-block-heading\">Dnevni plan ishrane<\/h2>\n\n\n\n<div style=\"height:var(--wp--preset--spacing--80)\" aria-hidden=\"true\" class=\"wp-block-spacer\"><\/div>\n\n\n\n<p>Na\u0161 cilj je da vam pomognemo da ostvarite va\u0161e zdravstvene i fitnes ciljeve kroz dobro organizovan i balansiran plan ishrane. Bez obzira da li \u017eelite da izgubite te\u017einu, pove\u0107ate mi\u0161i\u0107nu masu ili jednostavno unapredite svoje op\u0161te zdravlje, pravi plan ishrane mo\u017ee biti klju\u010dan.<\/p>\n\n\n\n<div style=\"height:var(--wp--preset--spacing--80)\" aria-hidden=\"true\" class=\"wp-block-spacer\"><\/div>\n\n\n\n<h3 class=\"wp-block-heading\">Kako funkcioni\u0161e na\u0161 dnevni plan ishrane?<\/h3>\n\n\n\n<p>Na\u0161 dnevni plan ishrane je dizajniran da se prilagodi va\u0161im specifi\u010dnim potrebama i ciljevima, i zasnovan je na parametrima va\u0161eg tela. Evo kako mo\u017eete zapo\u010deti:<\/p>\n\n\n\n<ol class=\"wp-block-list\">\n<li><strong>Po\u010detna procena<\/strong> &#8211; Popunite na\u0161 <a href=\"https:\/\/one-touch-web.com\/dev\/kutakzapromene\/analiza-tela\/\">upitnik<\/a> kako bismo razumeli kompoziciju va\u0161eg tela.<\/li>\n\n\n\n<li><strong>Personalizacija plana<\/strong> &#8211; Na osnovu va\u0161ih informacija, kreiramo li\u010dni plan ishrane koji uklju\u010duje sve nutritivne elemente potrebne za va\u0161e ciljeve.<\/li>\n\n\n\n<li><strong>Pra\u0107enje napretka<\/strong> &#8211; Redovno a\u017euriramo va\u0161 plan na osnovu va\u0161eg napretka i povratnih informacija.<\/li>\n<\/ol>\n\n\n\n<div style=\"height:var(--wp--preset--spacing--80)\" aria-hidden=\"true\" class=\"wp-block-spacer\"><\/div>\n\n\n\n<h3 class=\"wp-block-heading\">\u0160ta uklju\u010duje Dnevni Plan Ishrane?<\/h3>\n\n\n\n<p>Svaki plan ishrane sadr\u017ei:<\/p>\n\n\n\n<ul class=\"wp-block-list\">\n<li><strong>Jutarnji obrok<\/strong> &#8211; Energizujte svoje jutro nutritivno bogatim obrocima koji pokre\u0107u metabolizam.<\/li>\n\n\n\n<li><strong>Ru\u010dak<\/strong> &#8211; Idealna kombinacija proteina, ugljenih hidrata i masti za odr\u017eavanje energije tokom dana.<\/li>\n\n\n\n<li><strong>Ve\u010dera<\/strong> &#8211; Laganije obroke pred kraj dana za optimalnu digestiju i oporavak.<\/li>\n\n\n\n<li><strong>U\u017eine<\/strong> &#8211; Zdrave opcije za odr\u017eavanje nivoa energije izme\u0111u glavnih obroka.<\/li>\n\n\n\n<li><strong>Hidratacija<\/strong> &#8211; Smernice za optimalan unos te\u010dnosti.<\/li>\n<\/ul>\n\n\n\n<div style=\"height:var(--wp--preset--spacing--80)\" aria-hidden=\"true\" class=\"wp-block-spacer\"><\/div>\n\n\n\n<p><strong>Primer Dnevnog Plana Ishrane<\/strong><\/p>\n\n\n\n<figure class=\"wp-block-table is-style-regular\"><table><thead><tr><th><\/th><th>MU\u0160KARCI<\/th><th class=\"has-text-align-center\" data-align=\"center\">\u017dENE<\/th><\/tr><\/thead><tbody><tr><td>Doru\u010dak<\/td><td>Niskokalori\u010dni zamenski obrok. Do 60 min. nakon ustajanja.<\/td><td class=\"has-text-align-center\" data-align=\"center\">Niskokalori\u010dni zamenski obrok. Do 30 min. nakon ustajanja.<\/td><\/tr><tr><td>U\u017eina<\/td><td>Proteinska u\u017eina. Namirnice se odre\u0111uju na onovu li\u010dnog proteinskog koeficijenta.<\/td><td class=\"has-text-align-center\" data-align=\"center\">Proteinska u\u017eina. Namirnice se odre\u0111uju na onovu li\u010dnog proteinskog koeficijenta.<\/td><\/tr><tr><td>Ru\u010dak<\/td><td>Klasi\u010dan ru\u010dak. Sastav obroka: 50% povr\u0107e, 25% proteini, 25% ugljeni hidrati.<\/td><td class=\"has-text-align-center\" data-align=\"center\">Klasi\u010dan ru\u010dak. Sastav obroka: 50% povr\u0107e, 25% proteini, 25% ugljeni hidrati.<\/td><\/tr><tr><td>U\u017eina<\/td><td>Proteinska u\u017eina. Namirnice se odre\u0111uju na onovu li\u010dnog proteinskog koeficijenta.<\/td><td class=\"has-text-align-center\" data-align=\"center\">Proteinska u\u017eina. Namirnice se odre\u0111uju na onovu li\u010dnog proteinskog koeficijenta.<\/td><\/tr><tr><td>Ve\u010dera<\/td><td>Niskokalori\u010dan obrok. Namirnice se odre\u0111uju na onovu li\u010dnog proteinskog koeficijenta.<\/td><td class=\"has-text-align-center\" data-align=\"center\">Niskokalori\u010dan obrok. Namirnice se odre\u0111uju na onovu li\u010dnog proteinskog koeficijenta.<\/td><\/tr><\/tbody><\/table><\/figure>\n\n\n\n<div style=\"height:var(--wp--preset--spacing--80)\" aria-hidden=\"true\" class=\"wp-block-spacer\"><\/div>\n\n\n\n<hr class=\"wp-block-separator has-alpha-channel-opacity is-style-wide\"\/>\n\n\n\n<div style=\"height:var(--wp--preset--spacing--80)\" aria-hidden=\"true\" class=\"wp-block-spacer\"><\/div>\n\n\n\n<div class=\"wp-block-columns is-layout-flex wp-container-core-columns-is-layout-9d6595d7 wp-block-columns-is-layout-flex\">\n<div class=\"wp-block-column is-layout-flow wp-block-column-is-layout-flow\" style=\"flex-basis:10%\"><\/div>\n\n\n\n<div class=\"wp-block-column is-layout-flow wp-block-column-is-layout-flow\" style=\"flex-basis:80%\">\n<h2 class=\"wp-block-heading has-text-align-center\">NARU\u010cI LI\u010cNI PLAN ISHRANE!<\/h2>\n\n\n\n<p class=\"has-text-align-center\">Va\u0161 put ka boljem zdravlju po\u010dinje ovde<\/p>\n\n\n\n<div style=\"height:var(--wp--preset--spacing--80)\" aria-hidden=\"true\" class=\"wp-block-spacer\"><\/div>\n\n\n\n<div class=\"wp-block-buttons is-content-justification-center is-layout-flex wp-container-core-buttons-is-layout-28206b41 wp-block-buttons-is-layout-flex\">\n<div class=\"wp-block-button has-custom-width wp-block-button__width-75 is-style-outline is-style-outline--1\"><a class=\"wp-block-button__link has-white-color has-text-color has-background has-link-color has-text-align-center wp-element-button\" href=\"https:\/\/one-touch-web.com\/dev\/kutakzapromene\/contact-us\" style=\"border-radius:50px;background-color:#619b34\"><strong>ZAKA\u017dI KONSULTACIJE SADA<\/strong><\/a><\/div>\n<\/div>\n<\/div>\n\n\n\n<div class=\"wp-block-column is-layout-flow wp-block-column-is-layout-flow\" style=\"flex-basis:10%\"><\/div>\n<\/div>\n\n\n\n<div style=\"height:var(--wp--preset--spacing--80)\" aria-hidden=\"true\" class=\"wp-block-spacer\"><\/div>\n\n\n\n<hr class=\"wp-block-separator has-alpha-channel-opacity is-style-wide\"\/>\n\n\n\n<div style=\"height:var(--wp--preset--spacing--80)\" aria-hidden=\"true\" class=\"wp-block-spacer\"><\/div>\n\n\n\n<h4 class=\"wp-block-heading\">Za\u0161to odabrati na\u0161 Dnevni Plan Ishrane?<\/h4>\n\n\n\n<ul class=\"wp-block-list\">\n<li><strong>Prilago\u0111en va\u0161im potrebama<\/strong> &#8211; Svaki plan je jedinstven i prilago\u0111en da vam pomogne da postignete va\u0161e specifi\u010dne zdravstvene i fitnes ciljeve.<\/li>\n\n\n\n<li><strong>Jednostavan i izvodljiv<\/strong> &#8211; Lako pratite svoje obroke bez potrebe za slo\u017eenim pripremama ili nedostupnim sastojcima.<\/li>\n\n\n\n<li><strong>Podr\u0161ka i motivacija<\/strong> &#8211; Na\u0161 tim stru\u010dnjaka je tu da vam pru\u017ei podr\u0161ku i motivaciju potrebnu za uspeh.<\/li>\n<\/ul>\n","protected":false},"excerpt":{"rendered":"<p>Dnevni plan ishrane Na\u0161 cilj je da vam pomognemo da ostvarite va\u0161e zdravstvene i fitnes ciljeve kroz dobro organizovan i balansiran plan ishrane. Bez obzira da li \u017eelite da izgubite te\u017einu, pove\u0107ate mi\u0161i\u0107nu masu ili jednostavno unapredite svoje op\u0161te zdravlje, pravi plan ishrane mo\u017ee biti klju\u010dan. Kako funkcioni\u0161e na\u0161 dnevni plan ishrane? Na\u0161 dnevni plan [&hellip;]<\/p>\n","protected":false},"author":1,"featured_media":2265,"parent":0,"menu_order":0,"comment_status":"closed","ping_status":"closed","template":"","meta":{"footnotes":""},"categories":[],"tags":[],"class_list":["post-2548","page","type-page","status-publish","has-post-thumbnail","hentry"],"yoast_head":"<!-- This site is optimized with the Yoast SEO plugin v22.7 - https:\/\/yoast.com\/wordpress\/plugins\/seo\/ -->\n<title>Plan ishrane - Kako smr\u0161ati - Kutak za promene<\/title>\n<meta name=\"robots\" content=\"index, follow, max-snippet:-1, max-image-preview:large, max-video-preview:-1\" \/>\n<link rel=\"canonical\" href=\"https:\/\/one-touch-web.com\/dev\/kutakzapromene\/plan-ishrane\/\" \/>\n<meta property=\"og:locale\" content=\"en_US\" \/>\n<meta property=\"og:type\" content=\"article\" \/>\n<meta property=\"og:title\" content=\"Plan ishrane - Kako smr\u0161ati - Kutak za promene\" \/>\n<meta property=\"og:description\" content=\"Dnevni plan ishrane Na\u0161 cilj je da vam pomognemo da ostvarite va\u0161e zdravstvene i fitnes ciljeve kroz dobro organizovan i balansiran plan ishrane. Bez obzira da li \u017eelite da izgubite te\u017einu, pove\u0107ate mi\u0161i\u0107nu masu ili jednostavno unapredite svoje op\u0161te zdravlje, pravi plan ishrane mo\u017ee biti klju\u010dan. Kako funkcioni\u0161e na\u0161 dnevni plan ishrane? Na\u0161 dnevni plan [&hellip;]\" \/>\n<meta property=\"og:url\" content=\"https:\/\/one-touch-web.com\/dev\/kutakzapromene\/plan-ishrane\/\" \/>\n<meta property=\"og:site_name\" content=\"Kako smr\u0161ati - Kutak za promene\" \/>\n<meta property=\"article:modified_time\" content=\"2024-04-22T19:48:08+00:00\" \/>\n<meta property=\"og:image\" content=\"https:\/\/one-touch-web.com\/dev\/kutakzapromene\/wp-content\/uploads\/2023\/11\/view-assortment-nourishing-food-1024x682.jpg\" \/>\n\t<meta property=\"og:image:width\" content=\"1024\" \/>\n\t<meta property=\"og:image:height\" content=\"682\" \/>\n\t<meta property=\"og:image:type\" content=\"image\/jpeg\" \/>\n<meta name=\"twitter:card\" content=\"summary_large_image\" \/>\n<meta name=\"twitter:label1\" content=\"Est. reading time\" \/>\n\t<meta name=\"twitter:data1\" content=\"2 minutes\" \/>\n<script type=\"application\/ld+json\" class=\"yoast-schema-graph\">{\"@context\":\"https:\/\/schema.org\",\"@graph\":[{\"@type\":\"WebPage\",\"@id\":\"https:\/\/one-touch-web.com\/dev\/kutakzapromene\/plan-ishrane\/\",\"url\":\"https:\/\/one-touch-web.com\/dev\/kutakzapromene\/plan-ishrane\/\",\"name\":\"Plan ishrane - Kako smr\u0161ati - Kutak za promene\",\"isPartOf\":{\"@id\":\"https:\/\/one-touch-web.com\/dev\/kutakzapromene\/#website\"},\"primaryImageOfPage\":{\"@id\":\"https:\/\/one-touch-web.com\/dev\/kutakzapromene\/plan-ishrane\/#primaryimage\"},\"image\":{\"@id\":\"https:\/\/one-touch-web.com\/dev\/kutakzapromene\/plan-ishrane\/#primaryimage\"},\"thumbnailUrl\":\"https:\/\/one-touch-web.com\/dev\/kutakzapromene\/wp-content\/uploads\/2023\/11\/view-assortment-nourishing-food.jpg\",\"datePublished\":\"2024-03-11T09:17:12+00:00\",\"dateModified\":\"2024-04-22T19:48:08+00:00\",\"breadcrumb\":{\"@id\":\"https:\/\/one-touch-web.com\/dev\/kutakzapromene\/plan-ishrane\/#breadcrumb\"},\"inLanguage\":\"en-US\",\"potentialAction\":[{\"@type\":\"ReadAction\",\"target\":[\"https:\/\/one-touch-web.com\/dev\/kutakzapromene\/plan-ishrane\/\"]}]},{\"@type\":\"ImageObject\",\"inLanguage\":\"en-US\",\"@id\":\"https:\/\/one-touch-web.com\/dev\/kutakzapromene\/plan-ishrane\/#primaryimage\",\"url\":\"https:\/\/one-touch-web.com\/dev\/kutakzapromene\/wp-content\/uploads\/2023\/11\/view-assortment-nourishing-food.jpg\",\"contentUrl\":\"https:\/\/one-touch-web.com\/dev\/kutakzapromene\/wp-content\/uploads\/2023\/11\/view-assortment-nourishing-food.jpg\",\"width\":2000,\"height\":1333,\"caption\":\"Plan ishrane\"},{\"@type\":\"BreadcrumbList\",\"@id\":\"https:\/\/one-touch-web.com\/dev\/kutakzapromene\/plan-ishrane\/#breadcrumb\",\"itemListElement\":[{\"@type\":\"ListItem\",\"position\":1,\"name\":\"Home\",\"item\":\"https:\/\/one-touch-web.com\/dev\/kutakzapromene\/\"},{\"@type\":\"ListItem\",\"position\":2,\"name\":\"Plan ishrane\"}]},{\"@type\":\"WebSite\",\"@id\":\"https:\/\/one-touch-web.com\/dev\/kutakzapromene\/#website\",\"url\":\"https:\/\/one-touch-web.com\/dev\/kutakzapromene\/\",\"name\":\"Kako smr\u0161ati - Kutak za promene\",\"description\":\"Proveren put ka \u017eeljenoj te\u017eini bez odricanja\",\"publisher\":{\"@id\":\"https:\/\/one-touch-web.com\/dev\/kutakzapromene\/#organization\"},\"potentialAction\":[{\"@type\":\"SearchAction\",\"target\":{\"@type\":\"EntryPoint\",\"urlTemplate\":\"https:\/\/one-touch-web.com\/dev\/kutakzapromene\/?s={search_term_string}\"},\"query-input\":\"required name=search_term_string\"}],\"inLanguage\":\"en-US\"},{\"@type\":\"Organization\",\"@id\":\"https:\/\/one-touch-web.com\/dev\/kutakzapromene\/#organization\",\"name\":\"Kako smr\u0161ati - Kutak za promene\",\"url\":\"https:\/\/one-touch-web.com\/dev\/kutakzapromene\/\",\"logo\":{\"@type\":\"ImageObject\",\"inLanguage\":\"en-US\",\"@id\":\"https:\/\/one-touch-web.com\/dev\/kutakzapromene\/#\/schema\/logo\/image\/\",\"url\":\"https:\/\/one-touch-web.com\/dev\/kutakzapromene\/wp-content\/uploads\/2024\/02\/cropped-Logo.jpg\",\"contentUrl\":\"https:\/\/one-touch-web.com\/dev\/kutakzapromene\/wp-content\/uploads\/2024\/02\/cropped-Logo.jpg\",\"width\":900,\"height\":200,\"caption\":\"Kako smr\u0161ati - Kutak za promene\"},\"image\":{\"@id\":\"https:\/\/one-touch-web.com\/dev\/kutakzapromene\/#\/schema\/logo\/image\/\"}}]}<\/script>\n<!-- \/ Yoast SEO plugin. -->","yoast_head_json":{"title":"Plan ishrane - Kako smr\u0161ati - Kutak za promene","robots":{"index":"index","follow":"follow","max-snippet":"max-snippet:-1","max-image-preview":"max-image-preview:large","max-video-preview":"max-video-preview:-1"},"canonical":"https:\/\/one-touch-web.com\/dev\/kutakzapromene\/plan-ishrane\/","og_locale":"en_US","og_type":"article","og_title":"Plan ishrane - Kako smr\u0161ati - Kutak za promene","og_description":"Dnevni plan ishrane Na\u0161 cilj je da vam pomognemo da ostvarite va\u0161e zdravstvene i fitnes ciljeve kroz dobro organizovan i balansiran plan ishrane. Bez obzira da li \u017eelite da izgubite te\u017einu, pove\u0107ate mi\u0161i\u0107nu masu ili jednostavno unapredite svoje op\u0161te zdravlje, pravi plan ishrane mo\u017ee biti klju\u010dan. Kako funkcioni\u0161e na\u0161 dnevni plan ishrane? Na\u0161 dnevni plan [&hellip;]","og_url":"https:\/\/one-touch-web.com\/dev\/kutakzapromene\/plan-ishrane\/","og_site_name":"Kako smr\u0161ati - Kutak za promene","article_modified_time":"2024-04-22T19:48:08+00:00","og_image":[{"width":1024,"height":682,"url":"https:\/\/one-touch-web.com\/dev\/kutakzapromene\/wp-content\/uploads\/2023\/11\/view-assortment-nourishing-food-1024x682.jpg","type":"image\/jpeg"}],"twitter_card":"summary_large_image","twitter_misc":{"Est. reading time":"2 minutes"},"schema":{"@context":"https:\/\/schema.org","@graph":[{"@type":"WebPage","@id":"https:\/\/one-touch-web.com\/dev\/kutakzapromene\/plan-ishrane\/","url":"https:\/\/one-touch-web.com\/dev\/kutakzapromene\/plan-ishrane\/","name":"Plan ishrane - Kako smr\u0161ati - Kutak za promene","isPartOf":{"@id":"https:\/\/one-touch-web.com\/dev\/kutakzapromene\/#website"},"primaryImageOfPage":{"@id":"https:\/\/one-touch-web.com\/dev\/kutakzapromene\/plan-ishrane\/#primaryimage"},"image":{"@id":"https:\/\/one-touch-web.com\/dev\/kutakzapromene\/plan-ishrane\/#primaryimage"},"thumbnailUrl":"https:\/\/one-touch-web.com\/dev\/kutakzapromene\/wp-content\/uploads\/2023\/11\/view-assortment-nourishing-food.jpg","datePublished":"2024-03-11T09:17:12+00:00","dateModified":"2024-04-22T19:48:08+00:00","breadcrumb":{"@id":"https:\/\/one-touch-web.com\/dev\/kutakzapromene\/plan-ishrane\/#breadcrumb"},"inLanguage":"en-US","potentialAction":[{"@type":"ReadAction","target":["https:\/\/one-touch-web.com\/dev\/kutakzapromene\/plan-ishrane\/"]}]},{"@type":"ImageObject","inLanguage":"en-US","@id":"https:\/\/one-touch-web.com\/dev\/kutakzapromene\/plan-ishrane\/#primaryimage","url":"https:\/\/one-touch-web.com\/dev\/kutakzapromene\/wp-content\/uploads\/2023\/11\/view-assortment-nourishing-food.jpg","contentUrl":"https:\/\/one-touch-web.com\/dev\/kutakzapromene\/wp-content\/uploads\/2023\/11\/view-assortment-nourishing-food.jpg","width":2000,"height":1333,"caption":"Plan ishrane"},{"@type":"BreadcrumbList","@id":"https:\/\/one-touch-web.com\/dev\/kutakzapromene\/plan-ishrane\/#breadcrumb","itemListElement":[{"@type":"ListItem","position":1,"name":"Home","item":"https:\/\/one-touch-web.com\/dev\/kutakzapromene\/"},{"@type":"ListItem","position":2,"name":"Plan ishrane"}]},{"@type":"WebSite","@id":"https:\/\/one-touch-web.com\/dev\/kutakzapromene\/#website","url":"https:\/\/one-touch-web.com\/dev\/kutakzapromene\/","name":"Kako smr\u0161ati - Kutak za promene","description":"Proveren put ka \u017eeljenoj te\u017eini bez odricanja","publisher":{"@id":"https:\/\/one-touch-web.com\/dev\/kutakzapromene\/#organization"},"potentialAction":[{"@type":"SearchAction","target":{"@type":"EntryPoint","urlTemplate":"https:\/\/one-touch-web.com\/dev\/kutakzapromene\/?s={search_term_string}"},"query-input":"required name=search_term_string"}],"inLanguage":"en-US"},{"@type":"Organization","@id":"https:\/\/one-touch-web.com\/dev\/kutakzapromene\/#organization","name":"Kako smr\u0161ati - Kutak za promene","url":"https:\/\/one-touch-web.com\/dev\/kutakzapromene\/","logo":{"@type":"ImageObject","inLanguage":"en-US","@id":"https:\/\/one-touch-web.com\/dev\/kutakzapromene\/#\/schema\/logo\/image\/","url":"https:\/\/one-touch-web.com\/dev\/kutakzapromene\/wp-content\/uploads\/2024\/02\/cropped-Logo.jpg","contentUrl":"https:\/\/one-touch-web.com\/dev\/kutakzapromene\/wp-content\/uploads\/2024\/02\/cropped-Logo.jpg","width":900,"height":200,"caption":"Kako smr\u0161ati - Kutak za promene"},"image":{"@id":"https:\/\/one-touch-web.com\/dev\/kutakzapromene\/#\/schema\/logo\/image\/"}}]}},"jetpack_sharing_enabled":true,"_links":{"self":[{"href":"https:\/\/one-touch-web.com\/dev\/kutakzapromene\/wp-json\/wp\/v2\/pages\/2548","targetHints":{"allow":["GET"]}}],"collection":[{"href":"https:\/\/one-touch-web.com\/dev\/kutakzapromene\/wp-json\/wp\/v2\/pages"}],"about":[{"href":"https:\/\/one-touch-web.com\/dev\/kutakzapromene\/wp-json\/wp\/v2\/types\/page"}],"author":[{"embeddable":true,"href":"https:\/\/one-touch-web.com\/dev\/kutakzapromene\/wp-json\/wp\/v2\/users\/1"}],"replies":[{"embeddable":true,"href":"https:\/\/one-touch-web.com\/dev\/kutakzapromene\/wp-json\/wp\/v2\/comments?post=2548"}],"version-history":[{"count":9,"href":"https:\/\/one-touch-web.com\/dev\/kutakzapromene\/wp-json\/wp\/v2\/pages\/2548\/revisions"}],"predecessor-version":[{"id":2889,"href":"https:\/\/one-touch-web.com\/dev\/kutakzapromene\/wp-json\/wp\/v2\/pages\/2548\/revisions\/2889"}],"wp:featuredmedia":[{"embeddable":true,"href":"https:\/\/one-touch-web.com\/dev\/kutakzapromene\/wp-json\/wp\/v2\/media\/2265"}],"wp:attachment":[{"href":"https:\/\/one-touch-web.com\/dev\/kutakzapromene\/wp-json\/wp\/v2\/media?parent=2548"}],"wp:term":[{"taxonomy":"category","embeddable":true,"href":"https:\/\/one-touch-web.com\/dev\/kutakzapromene\/wp-json\/wp\/v2\/categories?post=2548"},{"taxonomy":"post_tag","embeddable":true,"href":"https:\/\/one-touch-web.com\/dev\/kutakzapromene\/wp-json\/wp\/v2\/tags?post=2548"}],"curies":[{"name":"wp","href":"https:\/\/api.w.org\/{rel}","templated":true}]}}