{"id":1961,"date":"2022-07-06T07:58:51","date_gmt":"2022-07-06T07:58:51","guid":{"rendered":"https:\/\/www.luzukdemo.com\/demo\/weight-loss\/?page_id=1961"},"modified":"2024-03-07T15:43:27","modified_gmt":"2024-03-07T14:43:27","slug":"contact-us","status":"publish","type":"page","link":"https:\/\/one-touch-web.com\/dev\/kutakzapromene\/contact-us\/","title":{"rendered":"Pi\u0161ite nam"},"content":{"rendered":"","protected":false},"excerpt":{"rendered":"","protected":false},"author":1,"featured_media":2070,"parent":0,"menu_order":0,"comment_status":"closed","ping_status":"closed","template":"templates\/contact-template.php","meta":{"footnotes":""},"categories":[],"tags":[],"class_list":["post-1961","page","type-page","status-publish","has-post-thumbnail","hentry"],"yoast_head":"<!-- This site is optimized with the Yoast SEO plugin v22.7 - https:\/\/yoast.com\/wordpress\/plugins\/seo\/ -->\n<title>Pi\u0161ite nam - Kako smr\u0161ati - Kutak za promene<\/title>\n<meta name=\"robots\" content=\"index, follow, max-snippet:-1, max-image-preview:large, max-video-preview:-1\" \/>\n<link rel=\"canonical\" href=\"https:\/\/one-touch-web.com\/dev\/kutakzapromene\/contact-us\/\" \/>\n<meta property=\"og:locale\" content=\"en_US\" \/>\n<meta property=\"og:type\" content=\"article\" \/>\n<meta property=\"og:title\" content=\"Pi\u0161ite nam - Kako smr\u0161ati - Kutak za promene\" \/>\n<meta property=\"og:url\" content=\"https:\/\/one-touch-web.com\/dev\/kutakzapromene\/contact-us\/\" \/>\n<meta property=\"og:site_name\" content=\"Kako smr\u0161ati - Kutak za promene\" \/>\n<meta property=\"article:modified_time\" content=\"2024-03-07T14:43:27+00:00\" \/>\n<meta property=\"og:image\" content=\"https:\/\/one-touch-web.com\/dev\/kutakzapromene\/wp-content\/uploads\/2022\/07\/img12.jpg\" \/>\n\t<meta property=\"og:image:width\" content=\"1900\" \/>\n\t<meta property=\"og:image:height\" content=\"400\" \/>\n\t<meta property=\"og:image:type\" content=\"image\/jpeg\" \/>\n<meta name=\"twitter:card\" content=\"summary_large_image\" \/>\n<script type=\"application\/ld+json\" class=\"yoast-schema-graph\">{\"@context\":\"https:\/\/schema.org\",\"@graph\":[{\"@type\":\"WebPage\",\"@id\":\"https:\/\/one-touch-web.com\/dev\/kutakzapromene\/contact-us\/\",\"url\":\"https:\/\/one-touch-web.com\/dev\/kutakzapromene\/contact-us\/\",\"name\":\"Pi\u0161ite nam - Kako smr\u0161ati - Kutak za promene\",\"isPartOf\":{\"@id\":\"https:\/\/one-touch-web.com\/dev\/kutakzapromene\/#website\"},\"primaryImageOfPage\":{\"@id\":\"https:\/\/one-touch-web.com\/dev\/kutakzapromene\/contact-us\/#primaryimage\"},\"image\":{\"@id\":\"https:\/\/one-touch-web.com\/dev\/kutakzapromene\/contact-us\/#primaryimage\"},\"thumbnailUrl\":\"https:\/\/one-touch-web.com\/dev\/kutakzapromene\/wp-content\/uploads\/2022\/07\/img12.jpg\",\"datePublished\":\"2022-07-06T07:58:51+00:00\",\"dateModified\":\"2024-03-07T14:43:27+00:00\",\"breadcrumb\":{\"@id\":\"https:\/\/one-touch-web.com\/dev\/kutakzapromene\/contact-us\/#breadcrumb\"},\"inLanguage\":\"en-US\",\"potentialAction\":[{\"@type\":\"ReadAction\",\"target\":[\"https:\/\/one-touch-web.com\/dev\/kutakzapromene\/contact-us\/\"]}]},{\"@type\":\"ImageObject\",\"inLanguage\":\"en-US\",\"@id\":\"https:\/\/one-touch-web.com\/dev\/kutakzapromene\/contact-us\/#primaryimage\",\"url\":\"https:\/\/one-touch-web.com\/dev\/kutakzapromene\/wp-content\/uploads\/2022\/07\/img12.jpg\",\"contentUrl\":\"https:\/\/one-touch-web.com\/dev\/kutakzapromene\/wp-content\/uploads\/2022\/07\/img12.jpg\",\"width\":1900,\"height\":400},{\"@type\":\"BreadcrumbList\",\"@id\":\"https:\/\/one-touch-web.com\/dev\/kutakzapromene\/contact-us\/#breadcrumb\",\"itemListElement\":[{\"@type\":\"ListItem\",\"position\":1,\"name\":\"Home\",\"item\":\"https:\/\/one-touch-web.com\/dev\/kutakzapromene\/\"},{\"@type\":\"ListItem\",\"position\":2,\"name\":\"Pi\u0161ite nam\"}]},{\"@type\":\"WebSite\",\"@id\":\"https:\/\/one-touch-web.com\/dev\/kutakzapromene\/#website\",\"url\":\"https:\/\/one-touch-web.com\/dev\/kutakzapromene\/\",\"name\":\"Kako smr\u0161ati - Kutak za promene\",\"description\":\"Proveren put ka \u017eeljenoj te\u017eini bez odricanja\",\"publisher\":{\"@id\":\"https:\/\/one-touch-web.com\/dev\/kutakzapromene\/#organization\"},\"potentialAction\":[{\"@type\":\"SearchAction\",\"target\":{\"@type\":\"EntryPoint\",\"urlTemplate\":\"https:\/\/one-touch-web.com\/dev\/kutakzapromene\/?s={search_term_string}\"},\"query-input\":\"required name=search_term_string\"}],\"inLanguage\":\"en-US\"},{\"@type\":\"Organization\",\"@id\":\"https:\/\/one-touch-web.com\/dev\/kutakzapromene\/#organization\",\"name\":\"Kako smr\u0161ati - Kutak za promene\",\"url\":\"https:\/\/one-touch-web.com\/dev\/kutakzapromene\/\",\"logo\":{\"@type\":\"ImageObject\",\"inLanguage\":\"en-US\",\"@id\":\"https:\/\/one-touch-web.com\/dev\/kutakzapromene\/#\/schema\/logo\/image\/\",\"url\":\"https:\/\/one-touch-web.com\/dev\/kutakzapromene\/wp-content\/uploads\/2024\/02\/cropped-Logo.jpg\",\"contentUrl\":\"https:\/\/one-touch-web.com\/dev\/kutakzapromene\/wp-content\/uploads\/2024\/02\/cropped-Logo.jpg\",\"width\":900,\"height\":200,\"caption\":\"Kako smr\u0161ati - Kutak za promene\"},\"image\":{\"@id\":\"https:\/\/one-touch-web.com\/dev\/kutakzapromene\/#\/schema\/logo\/image\/\"}}]}<\/script>\n<!-- \/ Yoast SEO plugin. -->","yoast_head_json":{"title":"Pi\u0161ite nam - Kako smr\u0161ati - Kutak za promene","robots":{"index":"index","follow":"follow","max-snippet":"max-snippet:-1","max-image-preview":"max-image-preview:large","max-video-preview":"max-video-preview:-1"},"canonical":"https:\/\/one-touch-web.com\/dev\/kutakzapromene\/contact-us\/","og_locale":"en_US","og_type":"article","og_title":"Pi\u0161ite nam - Kako smr\u0161ati - Kutak za promene","og_url":"https:\/\/one-touch-web.com\/dev\/kutakzapromene\/contact-us\/","og_site_name":"Kako smr\u0161ati - Kutak za promene","article_modified_time":"2024-03-07T14:43:27+00:00","og_image":[{"width":1900,"height":400,"url":"https:\/\/one-touch-web.com\/dev\/kutakzapromene\/wp-content\/uploads\/2022\/07\/img12.jpg","type":"image\/jpeg"}],"twitter_card":"summary_large_image","schema":{"@context":"https:\/\/schema.org","@graph":[{"@type":"WebPage","@id":"https:\/\/one-touch-web.com\/dev\/kutakzapromene\/contact-us\/","url":"https:\/\/one-touch-web.com\/dev\/kutakzapromene\/contact-us\/","name":"Pi\u0161ite nam - Kako smr\u0161ati - Kutak za promene","isPartOf":{"@id":"https:\/\/one-touch-web.com\/dev\/kutakzapromene\/#website"},"primaryImageOfPage":{"@id":"https:\/\/one-touch-web.com\/dev\/kutakzapromene\/contact-us\/#primaryimage"},"image":{"@id":"https:\/\/one-touch-web.com\/dev\/kutakzapromene\/contact-us\/#primaryimage"},"thumbnailUrl":"https:\/\/one-touch-web.com\/dev\/kutakzapromene\/wp-content\/uploads\/2022\/07\/img12.jpg","datePublished":"2022-07-06T07:58:51+00:00","dateModified":"2024-03-07T14:43:27+00:00","breadcrumb":{"@id":"https:\/\/one-touch-web.com\/dev\/kutakzapromene\/contact-us\/#breadcrumb"},"inLanguage":"en-US","potentialAction":[{"@type":"ReadAction","target":["https:\/\/one-touch-web.com\/dev\/kutakzapromene\/contact-us\/"]}]},{"@type":"ImageObject","inLanguage":"en-US","@id":"https:\/\/one-touch-web.com\/dev\/kutakzapromene\/contact-us\/#primaryimage","url":"https:\/\/one-touch-web.com\/dev\/kutakzapromene\/wp-content\/uploads\/2022\/07\/img12.jpg","contentUrl":"https:\/\/one-touch-web.com\/dev\/kutakzapromene\/wp-content\/uploads\/2022\/07\/img12.jpg","width":1900,"height":400},{"@type":"BreadcrumbList","@id":"https:\/\/one-touch-web.com\/dev\/kutakzapromene\/contact-us\/#breadcrumb","itemListElement":[{"@type":"ListItem","position":1,"name":"Home","item":"https:\/\/one-touch-web.com\/dev\/kutakzapromene\/"},{"@type":"ListItem","position":2,"name":"Pi\u0161ite nam"}]},{"@type":"WebSite","@id":"https:\/\/one-touch-web.com\/dev\/kutakzapromene\/#website","url":"https:\/\/one-touch-web.com\/dev\/kutakzapromene\/","name":"Kako smr\u0161ati - Kutak za promene","description":"Proveren put ka \u017eeljenoj te\u017eini bez odricanja","publisher":{"@id":"https:\/\/one-touch-web.com\/dev\/kutakzapromene\/#organization"},"potentialAction":[{"@type":"SearchAction","target":{"@type":"EntryPoint","urlTemplate":"https:\/\/one-touch-web.com\/dev\/kutakzapromene\/?s={search_term_string}"},"query-input":"required name=search_term_string"}],"inLanguage":"en-US"},{"@type":"Organization","@id":"https:\/\/one-touch-web.com\/dev\/kutakzapromene\/#organization","name":"Kako smr\u0161ati - Kutak za promene","url":"https:\/\/one-touch-web.com\/dev\/kutakzapromene\/","logo":{"@type":"ImageObject","inLanguage":"en-US","@id":"https:\/\/one-touch-web.com\/dev\/kutakzapromene\/#\/schema\/logo\/image\/","url":"https:\/\/one-touch-web.com\/dev\/kutakzapromene\/wp-content\/uploads\/2024\/02\/cropped-Logo.jpg","contentUrl":"https:\/\/one-touch-web.com\/dev\/kutakzapromene\/wp-content\/uploads\/2024\/02\/cropped-Logo.jpg","width":900,"height":200,"caption":"Kako smr\u0161ati - Kutak za promene"},"image":{"@id":"https:\/\/one-touch-web.com\/dev\/kutakzapromene\/#\/schema\/logo\/image\/"}}]}},"jetpack_sharing_enabled":true,"_links":{"self":[{"href":"https:\/\/one-touch-web.com\/dev\/kutakzapromene\/wp-json\/wp\/v2\/pages\/1961","targetHints":{"allow":["GET"]}}],"collection":[{"href":"https:\/\/one-touch-web.com\/dev\/kutakzapromene\/wp-json\/wp\/v2\/pages"}],"about":[{"href":"https:\/\/one-touch-web.com\/dev\/kutakzapromene\/wp-json\/wp\/v2\/types\/page"}],"author":[{"embeddable":true,"href":"https:\/\/one-touch-web.com\/dev\/kutakzapromene\/wp-json\/wp\/v2\/users\/1"}],"replies":[{"embeddable":true,"href":"https:\/\/one-touch-web.com\/dev\/kutakzapromene\/wp-json\/wp\/v2\/comments?post=1961"}],"version-history":[{"count":1,"href":"https:\/\/one-touch-web.com\/dev\/kutakzapromene\/wp-json\/wp\/v2\/pages\/1961\/revisions"}],"predecessor-version":[{"id":2481,"href":"https:\/\/one-touch-web.com\/dev\/kutakzapromene\/wp-json\/wp\/v2\/pages\/1961\/revisions\/2481"}],"wp:featuredmedia":[{"embeddable":true,"href":"https:\/\/one-touch-web.com\/dev\/kutakzapromene\/wp-json\/wp\/v2\/media\/2070"}],"wp:attachment":[{"href":"https:\/\/one-touch-web.com\/dev\/kutakzapromene\/wp-json\/wp\/v2\/media?parent=1961"}],"wp:term":[{"taxonomy":"category","embeddable":true,"href":"https:\/\/one-touch-web.com\/dev\/kutakzapromene\/wp-json\/wp\/v2\/categories?post=1961"},{"taxonomy":"post_tag","embeddable":true,"href":"https:\/\/one-touch-web.com\/dev\/kutakzapromene\/wp-json\/wp\/v2\/tags?post=1961"}],"curies":[{"name":"wp","href":"https:\/\/api.w.org\/{rel}","templated":true}]}}